{"id":347,"date":"2023-02-02T09:27:57","date_gmt":"2023-02-02T09:27:57","guid":{"rendered":"https:\/\/Bodriproductions.com\/?page_id=347"},"modified":"2024-03-12T10:03:49","modified_gmt":"2024-03-12T09:03:49","slug":"about-me","status":"publish","type":"page","link":"https:\/\/bodriproductions.com\/?page_id=347","title":{"rendered":"About me"},"content":{"rendered":"\t\t<div data-elementor-type=\"wp-page\" data-elementor-id=\"347\" class=\"elementor elementor-347\" data-elementor-post-type=\"page\">\n\t\t\t\t\t\t<section class=\"elementor-section elementor-top-section elementor-element elementor-element-5b6a6f2e elementor-section-height-full elementor-section-boxed elementor-section-height-default elementor-section-items-middle\" data-id=\"5b6a6f2e\" data-element_type=\"section\" data-e-type=\"section\">\n\t\t\t\t\t\t<div class=\"elementor-container elementor-column-gap-no\">\n\t\t\t\t\t<div class=\"elementor-column elementor-col-100 elementor-top-column elementor-element elementor-element-47404867\" data-id=\"47404867\" data-element_type=\"column\" data-e-type=\"column\">\n\t\t\t<div class=\"elementor-widget-wrap elementor-element-populated\">\n\t\t\t\t\t\t<div class=\"elementor-element elementor-element-64b8bc3 elementor-widget elementor-widget-heading\" data-id=\"64b8bc3\" data-element_type=\"widget\" data-e-type=\"widget\" data-widget_type=\"heading.default\">\n\t\t\t\t<div class=\"elementor-widget-container\">\n\t\t\t\t\t<h4 class=\"elementor-heading-title elementor-size-default\">About me:<\/h4>\t\t\t\t<\/div>\n\t\t\t\t<\/div>\n\t\t\t\t<div class=\"elementor-element elementor-element-3bb466b6 elementor-widget elementor-widget-text-editor\" data-id=\"3bb466b6\" data-element_type=\"widget\" data-e-type=\"widget\" data-widget_type=\"text-editor.default\">\n\t\t\t\t<div class=\"elementor-widget-container\">\n\t\t\t\t\t\t\t\t\t<p>My love for photography started when I attended film school in 2016. Finding and capturing the unique beauty of the person in front of my lens is where I can let my creativity shine. My specialty is cinematic portraits, casual street portraits, as long as the idea is as colorful as possible, I\u2019m in!<\/p><p>\u00a0<\/p>\t\t\t\t\t\t\t\t<\/div>\n\t\t\t\t<\/div>\n\t\t\t\t<div class=\"elementor-element elementor-element-d4f249c elementor-widget elementor-widget-heading\" data-id=\"d4f249c\" data-element_type=\"widget\" data-e-type=\"widget\" data-widget_type=\"heading.default\">\n\t\t\t\t<div class=\"elementor-widget-container\">\n\t\t\t\t\t<h4 class=\"elementor-heading-title elementor-size-default\">Awards and Publications:<\/h4>\t\t\t\t<\/div>\n\t\t\t\t<\/div>\n\t\t\t\t<div class=\"elementor-element elementor-element-1d4a1b2 elementor-widget elementor-widget-text-editor\" data-id=\"1d4a1b2\" data-element_type=\"widget\" data-e-type=\"widget\" data-widget_type=\"text-editor.default\">\n\t\t\t\t<div class=\"elementor-widget-container\">\n\t\t\t\t\t\t\t\t\t<p><span style=\"font-family: var( --e-global-typography-text-font-family ), Sans-serif; font-weight: var( --e-global-typography-text-font-weight ); font-size: 1rem;\">Laszlo Kovacs &#8211; Vilmos Zsigmond Hungarian Cinematography: Student Prize Nominated 2018<\/span><\/p><p>The Woman &#8211; Art Exhibition 2024<\/p>\t\t\t\t\t\t\t\t<\/div>\n\t\t\t\t<\/div>\n\t\t\t\t<div class=\"elementor-element elementor-element-aae592a elementor-shape-rounded elementor-grid-0 e-grid-align-center elementor-widget elementor-widget-social-icons\" data-id=\"aae592a\" data-element_type=\"widget\" data-e-type=\"widget\" data-widget_type=\"social-icons.default\">\n\t\t\t\t<div class=\"elementor-widget-container\">\n\t\t\t\t\t\t\t<div class=\"elementor-social-icons-wrapper elementor-grid\" role=\"list\">\n\t\t\t\t\t\t\t<span class=\"elementor-grid-item\" role=\"listitem\">\n\t\t\t\t\t<a class=\"elementor-icon elementor-social-icon elementor-social-icon-facebook elementor-repeater-item-0815e13\" href=\"https:\/\/www.facebook.com\/bgbege\/\" target=\"_blank\">\n\t\t\t\t\t\t<span class=\"elementor-screen-only\">Facebook<\/span>\n\t\t\t\t\t\t<i aria-hidden=\"true\" class=\"fab fa-facebook\"><\/i>\t\t\t\t\t<\/a>\n\t\t\t\t<\/span>\n\t\t\t\t\t\t\t<span class=\"elementor-grid-item\" role=\"listitem\">\n\t\t\t\t\t<a class=\"elementor-icon elementor-social-icon elementor-social-icon-instagram elementor-repeater-item-7a42696\" href=\"https:\/\/www.instagram.com\/bgbege92\/\" target=\"_blank\">\n\t\t\t\t\t\t<span class=\"elementor-screen-only\">Instagram<\/span>\n\t\t\t\t\t\t<i aria-hidden=\"true\" class=\"fab fa-instagram\"><\/i>\t\t\t\t\t<\/a>\n\t\t\t\t<\/span>\n\t\t\t\t\t<\/div>\n\t\t\t\t\t\t<\/div>\n\t\t\t\t<\/div>\n\t\t\t\t\t<\/div>\n\t\t<\/div>\n\t\t\t\t\t<\/div>\n\t\t<\/section>\n\t\t\t\t<\/div>\n\t\t","protected":false},"excerpt":{"rendered":"<p>About me: My love for photography started when I attended film school in 2016. Finding and capturing the unique beauty of the person in front of my lens is where I can let my creativity shine. My specialty is cinematic portraits, casual street portraits, as long as the idea is as colorful as possible, I\u2019m [&hellip;]<\/p>\n","protected":false},"author":1,"featured_media":0,"parent":0,"menu_order":0,"comment_status":"closed","ping_status":"closed","template":"elementor_header_footer","meta":{"footnotes":""},"class_list":["post-347","page","type-page","status-publish","hentry"],"yoast_head":"<!-- This site is optimized with the Yoast SEO Premium plugin v22.3 (Yoast SEO v24.8) - https:\/\/yoast.com\/wordpress\/plugins\/seo\/ -->\n<title>About me - Bodriproductions<\/title>\n<meta name=\"robots\" content=\"index, follow, max-snippet:-1, max-image-preview:large, max-video-preview:-1\" \/>\n<link rel=\"canonical\" href=\"https:\/\/bodriproductions.com\/?page_id=347\" \/>\n<meta property=\"og:locale\" content=\"hu_HU\" \/>\n<meta property=\"og:type\" content=\"article\" \/>\n<meta property=\"og:title\" content=\"About me\" \/>\n<meta property=\"og:description\" content=\"About me: My love for photography started when I attended film school in 2016. Finding and capturing the unique beauty of the person in front of my lens is where I can let my creativity shine. My specialty is cinematic portraits, casual street portraits, as long as the idea is as colorful as possible, I\u2019m [&hellip;]\" \/>\n<meta property=\"og:url\" content=\"https:\/\/bodriproductions.com\/?page_id=347\" \/>\n<meta property=\"og:site_name\" content=\"Bodriproductions\" \/>\n<meta property=\"article:modified_time\" content=\"2024-03-12T09:03:49+00:00\" \/>\n<meta name=\"twitter:card\" content=\"summary_large_image\" \/>\n<meta name=\"twitter:label1\" content=\"Becs\u00fclt olvas\u00e1si id\u0151\" \/>\n\t<meta name=\"twitter:data1\" content=\"1 perc\" \/>\n<script type=\"application\/ld+json\" class=\"yoast-schema-graph\">{\"@context\":\"https:\/\/schema.org\",\"@graph\":[{\"@type\":\"WebPage\",\"@id\":\"https:\/\/bodriproductions.com\/?page_id=347\",\"url\":\"https:\/\/bodriproductions.com\/?page_id=347\",\"name\":\"About me - Bodriproductions\",\"isPartOf\":{\"@id\":\"https:\/\/bodriproductions.com\/#website\"},\"datePublished\":\"2023-02-02T09:27:57+00:00\",\"dateModified\":\"2024-03-12T09:03:49+00:00\",\"breadcrumb\":{\"@id\":\"https:\/\/bodriproductions.com\/?page_id=347#breadcrumb\"},\"inLanguage\":\"hu\",\"potentialAction\":[{\"@type\":\"ReadAction\",\"target\":[\"https:\/\/bodriproductions.com\/?page_id=347\"]}]},{\"@type\":\"BreadcrumbList\",\"@id\":\"https:\/\/bodriproductions.com\/?page_id=347#breadcrumb\",\"itemListElement\":[{\"@type\":\"ListItem\",\"position\":1,\"name\":\"Home\",\"item\":\"https:\/\/bodriproductions.com\/\"},{\"@type\":\"ListItem\",\"position\":2,\"name\":\"About me\"}]},{\"@type\":\"WebSite\",\"@id\":\"https:\/\/bodriproductions.com\/#website\",\"url\":\"https:\/\/bodriproductions.com\/\",\"name\":\"Bodriproductions\",\"description\":\"\",\"potentialAction\":[{\"@type\":\"SearchAction\",\"target\":{\"@type\":\"EntryPoint\",\"urlTemplate\":\"https:\/\/bodriproductions.com\/?s={search_term_string}\"},\"query-input\":{\"@type\":\"PropertyValueSpecification\",\"valueRequired\":true,\"valueName\":\"search_term_string\"}}],\"inLanguage\":\"hu\"}]}<\/script>\n<!-- \/ Yoast SEO Premium plugin. -->","yoast_head_json":{"title":"About me - Bodriproductions","robots":{"index":"index","follow":"follow","max-snippet":"max-snippet:-1","max-image-preview":"max-image-preview:large","max-video-preview":"max-video-preview:-1"},"canonical":"https:\/\/bodriproductions.com\/?page_id=347","og_locale":"hu_HU","og_type":"article","og_title":"About me","og_description":"About me: My love for photography started when I attended film school in 2016. Finding and capturing the unique beauty of the person in front of my lens is where I can let my creativity shine. My specialty is cinematic portraits, casual street portraits, as long as the idea is as colorful as possible, I\u2019m [&hellip;]","og_url":"https:\/\/bodriproductions.com\/?page_id=347","og_site_name":"Bodriproductions","article_modified_time":"2024-03-12T09:03:49+00:00","twitter_card":"summary_large_image","twitter_misc":{"Becs\u00fclt olvas\u00e1si id\u0151":"1 perc"},"schema":{"@context":"https:\/\/schema.org","@graph":[{"@type":"WebPage","@id":"https:\/\/bodriproductions.com\/?page_id=347","url":"https:\/\/bodriproductions.com\/?page_id=347","name":"About me - Bodriproductions","isPartOf":{"@id":"https:\/\/bodriproductions.com\/#website"},"datePublished":"2023-02-02T09:27:57+00:00","dateModified":"2024-03-12T09:03:49+00:00","breadcrumb":{"@id":"https:\/\/bodriproductions.com\/?page_id=347#breadcrumb"},"inLanguage":"hu","potentialAction":[{"@type":"ReadAction","target":["https:\/\/bodriproductions.com\/?page_id=347"]}]},{"@type":"BreadcrumbList","@id":"https:\/\/bodriproductions.com\/?page_id=347#breadcrumb","itemListElement":[{"@type":"ListItem","position":1,"name":"Home","item":"https:\/\/bodriproductions.com\/"},{"@type":"ListItem","position":2,"name":"About me"}]},{"@type":"WebSite","@id":"https:\/\/bodriproductions.com\/#website","url":"https:\/\/bodriproductions.com\/","name":"Bodriproductions","description":"","potentialAction":[{"@type":"SearchAction","target":{"@type":"EntryPoint","urlTemplate":"https:\/\/bodriproductions.com\/?s={search_term_string}"},"query-input":{"@type":"PropertyValueSpecification","valueRequired":true,"valueName":"search_term_string"}}],"inLanguage":"hu"}]}},"_links":{"self":[{"href":"https:\/\/bodriproductions.com\/index.php?rest_route=\/wp\/v2\/pages\/347","targetHints":{"allow":["GET"]}}],"collection":[{"href":"https:\/\/bodriproductions.com\/index.php?rest_route=\/wp\/v2\/pages"}],"about":[{"href":"https:\/\/bodriproductions.com\/index.php?rest_route=\/wp\/v2\/types\/page"}],"author":[{"embeddable":true,"href":"https:\/\/bodriproductions.com\/index.php?rest_route=\/wp\/v2\/users\/1"}],"replies":[{"embeddable":true,"href":"https:\/\/bodriproductions.com\/index.php?rest_route=%2Fwp%2Fv2%2Fcomments&post=347"}],"version-history":[{"count":25,"href":"https:\/\/bodriproductions.com\/index.php?rest_route=\/wp\/v2\/pages\/347\/revisions"}],"predecessor-version":[{"id":864,"href":"https:\/\/bodriproductions.com\/index.php?rest_route=\/wp\/v2\/pages\/347\/revisions\/864"}],"wp:attachment":[{"href":"https:\/\/bodriproductions.com\/index.php?rest_route=%2Fwp%2Fv2%2Fmedia&parent=347"}],"curies":[{"name":"wp","href":"https:\/\/api.w.org\/{rel}","templated":true}]}}